{"id":5897,"date":"2024-06-22T01:18:26","date_gmt":"2024-06-21T23:18:26","guid":{"rendered":"https:\/\/tausendschoen.greenfairplanet.net\/?page_id=5897"},"modified":"2025-06-20T16:53:33","modified_gmt":"2025-06-20T14:53:33","slug":"referenzen","status":"publish","type":"page","link":"https:\/\/tausendschoen.greenfairplanet.net\/?page_id=5897","title":{"rendered":"Referenzen"},"content":{"rendered":"\n<div class=\"wp-block-cover\"><span aria-hidden=\"true\" class=\"wp-block-cover__background has-background-dim\"><\/span><img loading=\"lazy\" decoding=\"async\" width=\"876\" height=\"1024\" class=\"wp-block-cover__image-background wp-image-6057\" alt=\"\" src=\"https:\/\/tausendschoen.greenfairplanet.net\/wp-content\/uploads\/2025\/06\/image-876x1024.png\" data-object-fit=\"cover\" srcset=\"https:\/\/tausendschoen.greenfairplanet.net\/wp-content\/uploads\/2025\/06\/image-876x1024.png 876w, https:\/\/tausendschoen.greenfairplanet.net\/wp-content\/uploads\/2025\/06\/image-257x300.png 257w, https:\/\/tausendschoen.greenfairplanet.net\/wp-content\/uploads\/2025\/06\/image-768x898.png 768w, https:\/\/tausendschoen.greenfairplanet.net\/wp-content\/uploads\/2025\/06\/image-1313x1536.png 1313w, https:\/\/tausendschoen.greenfairplanet.net\/wp-content\/uploads\/2025\/06\/image-300x351.png 300w, https:\/\/tausendschoen.greenfairplanet.net\/wp-content\/uploads\/2025\/06\/image-720x842.png 720w, https:\/\/tausendschoen.greenfairplanet.net\/wp-content\/uploads\/2025\/06\/image.png 1439w\" sizes=\"auto, (max-width: 876px) 100vw, 876px\" \/><div class=\"wp-block-cover__inner-container is-layout-flow wp-block-cover-is-layout-flow\">\n<p class=\"has-text-align-center has-large-font-size\">Ehrengast beim Empfang des Ministerpr\u00e4sidenten von NRW<\/p>\n<\/div><\/div>\n\n\n\n<p class=\"has-large-font-size\"><strong>Ksenija Sakelek <\/strong>stellvertretenden Vorsitzende des Landesintegrationsrates NRW<\/p>\n\n\n\n<p class=\"has-medium-font-size\">Im interkulturellen Gemeinschaftsgarten Tausendsch\u00f6n in Leteln f\u00e4llt b\u00fcrgerschaftliches Engagement auf fruchtbaren Boden. Auf der 1600 Quadratmeter gro\u00dfen Fl\u00e4che des Gartens stehen das interkulturelle Miteinander, die demokratische Selbstorganisation und die Wertsch\u00e4tzung guten Lebens im Mittelpunkt.<\/p>\n\n\n\n<p class=\"has-medium-font-size\">Erweitert wird das Angebot durch Kunst und Kultur. Auch Migranten bringen sich ein. Sie haben Erfahrungen in Gartenwirtschaft und Handwerk ebenso wie soziale Kompetenzen.&nbsp;<\/p>\n\n\n\n<p>&#8212;&#8212;&#8212;&#8212;&#8212;&#8212;&#8212;&#8212;&#8212;&#8212;&#8212;&#8212;&#8212;&#8212;&#8212;&#8212;&#8212;&#8212;&#8212;&#8212;&#8212;&#8212;&#8212;&#8212;&#8212;&#8212;&#8212;&#8212;&#8212;&#8212;&#8212;&#8212;&#8212;&#8212;&#8212;&#8212;&#8212;<\/p>\n\n\n\n<p class=\"has-large-font-size\">Bj\u00f6rn Freitag\/ Frank Buchwald  <\/p>\n\n\n\n<p><strong>Die K\u00f6che Bj\u00f6rn Freitag und Frank Buchholz waren  unterwegs auf der Weser und dem Mittelland Kanal: Von Beverungen ging es bis nach L\u00fcbbecke. Zu Gast waren sie unter anderem im Tausendsch\u00f6n Dein Gemeinschaftgarten. \u00dcber ihre Eindr\u00fccke berichten sie in ihrem Buch <a href=\"https:\/\/www.hoelker-verlag.de\/buecher\/buch\/lecker-an-bord.html\" data-type=\"link\" data-id=\"https:\/\/www.hoelker-verlag.de\/buecher\/buch\/lecker-an-bord.html\">&#8222;Lecker an Bord&#8220;.<\/a><\/strong>  Auszug aus dem Buch &#8222;Lecker an Bord&#8220;  Seite 58 <\/p>\n\n\n\n<figure class=\"wp-block-image size-large\"><a href=\"https:\/\/tausendschoen.greenfairplanet.net\/wp-content\/uploads\/2024\/10\/Lecker-an-Bord-Seite-58.jpg\"><img loading=\"lazy\" decoding=\"async\" width=\"771\" height=\"1024\" src=\"https:\/\/tausendschoen.greenfairplanet.net\/wp-content\/uploads\/2024\/10\/Lecker-an-Bord-Seite-58-771x1024.jpg\" alt=\"\" class=\"wp-image-6002\" srcset=\"https:\/\/tausendschoen.greenfairplanet.net\/wp-content\/uploads\/2024\/10\/Lecker-an-Bord-Seite-58-771x1024.jpg 771w, https:\/\/tausendschoen.greenfairplanet.net\/wp-content\/uploads\/2024\/10\/Lecker-an-Bord-Seite-58-226x300.jpg 226w, https:\/\/tausendschoen.greenfairplanet.net\/wp-content\/uploads\/2024\/10\/Lecker-an-Bord-Seite-58-768x1020.jpg 768w, https:\/\/tausendschoen.greenfairplanet.net\/wp-content\/uploads\/2024\/10\/Lecker-an-Bord-Seite-58-1157x1536.jpg 1157w, https:\/\/tausendschoen.greenfairplanet.net\/wp-content\/uploads\/2024\/10\/Lecker-an-Bord-Seite-58-300x398.jpg 300w, https:\/\/tausendschoen.greenfairplanet.net\/wp-content\/uploads\/2024\/10\/Lecker-an-Bord-Seite-58-720x956.jpg 720w, https:\/\/tausendschoen.greenfairplanet.net\/wp-content\/uploads\/2024\/10\/Lecker-an-Bord-Seite-58.jpg 1200w\" sizes=\"auto, (max-width: 771px) 100vw, 771px\" \/><\/a><\/figure>\n\n\n\n<p class=\"has-large-font-size\"><strong>Die Idee des Gemeinschaftsgartens<\/strong>  &#8211; <a href=\"https:\/\/www.slowfood.de\/aktuelles\/archiv\/2021\/weil-sie-fuer-eine-bessere-lebensmittelwelt-eintritt-elisabeth-schmelzer-ist-ursula-hudson-preistraegerin\">Slow Food Deutschland<\/a><\/p>\n\n\n\n<p style=\"font-size:20px\">Seit dem Jahr 2000 tritt GreenFairPlanet konsequent f\u00fcr gutes Essen, gute Landwirtschaft f\u00fcr alle sowie f\u00fcr die Bewahrung der biologischen Vielfalt und einen lebendigen Planeten ein. Der Verein f\u00f6rdert und fordert regionale Ern\u00e4hrungssouver\u00e4nit\u00e4t, Bauernh\u00f6fe statt Agrarindustrie sowie Tierwohl. Der Gemeinschaftsgarten Tausendsch\u00f6n ist eine nachhaltige Ern\u00e4hrungs- und Wertsch\u00e4tzungsbildung in Form von S\u00e4en, Pflanzen, Ernten, Kochen, Vorratshaltung. Der Garten ist globaler Lernort, Begegnung und Teilhabe f\u00fcr Integration und Inklusion. Gemeinsam, im freundschaftlichem Miteinander, halten die Menschen dort H\u00fchner, Enten, Ziegen und Bienen. In Schulen, KiTa\u2019s, Jugendh\u00e4usern und sozialen Einrichtungen vermittelt Elisabeth Schmelzer mit ihrem Garten Themen wie Lebensmittelverschwendung, regionale Ern\u00e4hrung, Biodiversit\u00e4t, Artenvielfalt, Bienenschutz, Hochbeete und Urban Gardening.<\/p>\n\n\n\n<p style=\"font-size:20px\">Und das tut er. Auch, weil Elisabeth Schmelzer sich f\u00fcr das Projekt regelrecht aufopfert Um f\u00fcnf Uhr beginnt sie ihre Werktage, schmei\u00dft das B\u00fcro, bef\u00fcllt Internetauftritte mit Inhalten, bereitet die vielen Netzwerktreffen und Veranstaltungen vor. \u201eTo Do Listen f\u00fcr G\u00e4rtnern nach dem Mondkalender, Materialbeschaffung, Konzepte f\u00fcr die Projekte f\u00fcr Schulen, KiTa\u2019s, Ferien entwickeln\u201c, z\u00e4hlt Schmelzer auf und erkl\u00e4rt, f\u00fcr was es alles den reibungslosen Ablauf braucht. Zudem wollen die vielen ehrenamtlichen Helfer*innen organisiert werden.<\/p>\n\n\n\n<p style=\"font-size:20px\">Mittels einer Themenwoche \u201eGesunde Woche\u201c im Bundesprogramm, konnten Kinder im Alter von 0-6 Jahre gemeinsam mit ihren Eltern, angeleitet durch ehrenamtliche Mitarbeiterinnen des Vereins einkaufen und kochen. Es wurde gezeigt, dass sich auch im Discounter mit wenig finanziellen Mitteln ein biologisches und gesundes Essen zubereiten l\u00e4sst.<\/p>\n\n\n\n<p style=\"font-size:20px\">Schlie\u00dflich setzt sich kaum jemand so engagiert, beharrlich und erfolgreich f\u00fcr die Vielfalt in unserer Ern\u00e4hrung und Lebensmittelwelt ein wie die Frau aus Ostwestfalen&nbsp;Und niemand verk\u00f6rpert dieses Bild vom Einzelnen, der die Ern\u00e4hrungswelt ver\u00e4ndern kann, besser als Elisabeth Schmelzer. \u201eWeil Sie zeigen, dass ein einzelner Mensch die Kraft hat, die Ern\u00e4hrungswende voranzubringen\u201c, wie auch Preis-Kuratorin Barbara Assheuer w\u00e4hrend der Verleihung an Schmelzer gewandt sagte. \u201eAlles was Sie machen, machen Sie mit Leichtigkeit und Freude.\u201c&nbsp;<a href=\"https:\/\/www.youtube.com\/watch?v=TLz5thWyVDw&amp;t=4559s\" data-type=\"link\" data-id=\"https:\/\/www.youtube.com\/watch?v=TLz5thWyVDw&amp;t=4559s\">Quelle<\/a><\/p>\n\n\n\n<p>*************************************************************************************************************<\/p>\n\n\n\n<p class=\"has-large-font-size\"><strong>Aus dem Tagebuch eines Gefl\u00fcchteten<\/strong><\/p>\n\n\n\n<p class=\"has-medium-font-size\"><strong>Im Garten habe ich die ersten Wurzeln in meiner neuen Heimat Minden geschlagen.<\/strong><\/p>\n\n\n\n<p style=\"font-size:20px\">Vor 8 Jahren im M\u00e4rz 2016 kurz nach meiner Ankunft aus Pakistan war ich zum 1.Mal im Garten. Hier habe ich die ersten deutschen S\u00e4tze gelernt, Kabel und Platten verlegt, Gartentische f\u00fcr Kinder gebaut,<\/p>\n\n\n\n<p>Kartoffeln pflanzen, kochen gelernt und soviel mehr. Mir wurde geholfen, Deutsch zu lernen und die deutsche Kultur, Demokratie und das Grundgesetz erkl\u00e4rt. <strong>Von Beginn an, war ich wie alle anderen Gefl\u00fcchteten aus Afghanistan, Syrien, Iran, Ghana und Eritrea Teil der Gemeinschaft und der Mindener Gesellschaft.<\/strong><\/p>\n\n\n\n<p>Lothar und Elisabeth haben uns zu jeder \u00f6ffentlichen Veranstaltung ob Stadtbibliothek, Theater, VHS oder Jahresempfang in der B\u00fcrgerhalle mitgenommen und uns mit Mindener B\u00fcrger*innen sowie B\u00fcrgermeister und Ratsmitgliedern bekannt gemacht. Wir geh\u00f6rten und geh\u00f6ren dazu. Darauf sind wir stolz. Unsere Heimat ist Minden geworden. Das verdanken wir vielen Menschen im Garten. Sie haben uns mit Respekt behandelt und immer geholfen. Wir waren Fremde und wurden schnell Freunde. <strong>Auch nach 8 Jahren bin ich noch ehrenamtlich im Garten t\u00e4tig.<\/strong> <\/p>\n\n\n\n<p class=\"has-vivid-cyan-blue-color has-text-color has-link-color wp-elements-aa4f46decfd1450858ee6d388d8fb798\"><strong>Zwischenzeitlich habe eine Ausbildung bei ESM Ertl Systemlogistik gemacht und leite nach meiner bestandenen Pr\u00fcfung den Standort in P\u00e4pinghausen. Ihtisham Ud Din<\/strong><\/p>\n\n\n\n<p>***************************************************************************************************************Der Gemeinschaftsgarten erm\u00f6glicht es Kindern und Eltern verschiedener Kulturen durch Vielf\u00e4ltigkeit und nachhaltigen Aktionen ein St\u00fcck Heimat in Minden zu finden. Ein Treffpunkt der Kommunikation-, Arbeit und Bildung f\u00fcr alle Altersgruppen und Bev\u00f6lkerungsschichten. Gemeinsam Heimat schaffen, um die Gemeinschaft zu st\u00e4rken, Umweltbewusstsein f\u00f6rdern und den Zugang zu frischen, lokal angebauten Lebensmitteln verbessern. Die Zusammenarbeit der Teilnehmenden schafft nicht nur ein respektvolles Miteinander, sondern auch ein Gef\u00fchl der Verbundenheit zu Minden als Heimat sowie Nachhaltigkeit in der Gemeinschaft und Gesellschaft. <\/p>\n\n\n\n<p style=\"font-size:22px\"><strong>Dipl. Ing. Margot L. Minden<\/strong><\/p>\n\n\n\n<p>*************************************************************************************************************<\/p>\n\n\n\n<p class=\"has-large-font-size\"><a href=\"https:\/\/anstiftung.de\" data-type=\"link\" data-id=\"https:\/\/anstiftung.de\"><strong>anstiftung<\/strong><\/a><\/p>\n\n\n\n<p style=\"font-size:22px\">Der Verein GreenFairPlanet engagiert sich seit mehr als 20 Jahren ehrenamtlich f\u00fcr Ern\u00e4hrungssouver\u00e4nit\u00e4t, Umweltgerechtigkeit und die Partizipationsm\u00f6glichkeiten aller gesellschaftlicher Gruppen. Im Interkulturellen Gemeinschaftsgarten Tausendsch\u00f6n begegnen sich Menschen mit und ohne Migrationshintergrund und Fluchterfahrung auf Augenh\u00f6he.<\/p>\n\n\n\n<p style=\"font-size:22px\">Beim G\u00e4rtnern, bei Kunst und Kultur, bei Workshops und vielen Veranstaltungen treffen Menschen aufeinander, die den facettenreichen Garten gemeinsam gestalten. Der Verein f\u00f6rdert Talente und F\u00e4higkeiten, ermutigt und empowert. &nbsp;<\/p>\n\n\n\n<p>************************************************************************************************************<\/p>\n\n\n\n<p style=\"font-size:22px\">Gerne nehme ich die Gelegenheit wahr, die ganz besonders herausragende Unterst\u00fctzung und Kooperation von GreenFairPlanet mit den Vereinsgemeinschaften Rechtes Weserufer und Dankersen hervorzuheben. Viele verschiedene Veranstaltungen wurden mit Hilfe von GreenFairPlanet mit seinen gefl\u00fcchteten Gartenfreunden*innen erfolgreich durchgef\u00fchrt z.B. der j\u00e4hrliche multikulturelle Kinder- und Jugendtag RW, sowie das Kindergartenfu\u00dfballturnier.<\/p>\n\n\n\n<p style=\"font-size:22px\">Das au\u00dfergew\u00f6hnliche Engagement von GreenFairPlanet hat sich vor allen Dingen in den vergangenen 2 Jahren der Pandemie gezeigt. Unter dem Motto:&nbsp;<em>Einfach mal ein Dankesch\u00f6n<\/em>&nbsp;n\u00e4hten die gefl\u00fcchteten Frauen unter Anleitung von GreenFairPlanet Stofftaschen, die mit kleinen Leckereien bef\u00fcllt wurden und an ehrenamtliche Helfer*nnen der verschiedensten Vereine verteilt werden konnten. Zu Ostern gab es dann eine kleine Aufmunterung f\u00fcr die durch die Pandemie besonders betroffenen Senior*innen: GreenFairPlanet bepflanzte und bemalte Blument\u00f6pfe, die dann mit einer S\u00fc\u00dfigkeit durch viele Helfer*innen verteilt wurden.<\/p>\n\n\n\n<p style=\"font-size:22px\">Das Besondere ist GreenFairPlanet motiviert Gefl\u00fcchtete f\u00fcr das Ehrenamt. Der Verein f\u00f6rdert die gesellschaftliche Teilhabe und nutzt jede M\u00f6glichkeit, die F\u00e4higkeiten von&nbsp; Neuzuwanderer*innen in der Focus der \u00d6ffentlichkeit zu stellen. <\/p>\n\n\n\n<p class=\"has-vivid-cyan-blue-color has-text-color has-link-color wp-elements-6b683b4516c1fba40ce866e715904a94\" style=\"font-size:22px\">Renate Schermer, Ortsb\u00fcrgermeisterin Dankersen<\/p>\n\n\n\n<p>*************************************************************************************************************<\/p>\n\n\n\n<p style=\"font-size:22px\">Das Besondere am Verein GreenFairPlanet ist f\u00fcr mich als Person, Deborah Kreimeier, der Gemeinschaftsgarten Tausendsch\u00f6n. Bereits beim Eintreten durch das Tor im Tausendsch\u00f6n vergesse ich die Welt um mich herum.<br>Man wird herzlich empfangen meist von der Initiatorin Elisabeth, Schmelzer.<br>Bei meinem ersten Betreten des Gartens habe ich eine F\u00fchrung bekommen und durfte sofort erleben wie einfach ein Miteinander trotz oder auch gerade auf Grund der vielen verschiedenen Kulturen der \u201eGartenmenschen\u201c funktioniert.<br>Das ist f\u00fcr mich als Person aber vor allem auch f\u00fcr meine Arbeit im Bundesprogramm \u201eKita-Einstieg: Br\u00fccken bauen in fr\u00fche Bildung\u201c, bei der Stadt Bad Oeynhausen, ein gro\u00dfartiges Vorbild.<\/p>\n\n\n\n<p style=\"font-size:22px\"><strong>Der Verein GreenFairPlanet setzt sich f\u00fcr die Integration von Menschen nicht nur ein, sondern lebt diese so, als w\u00e4re es kinderleicht! Das ist einfach gro\u00dfartig.<\/strong><\/p>\n\n\n\n<p style=\"font-size:22px\">Schmelzers Engagement reicht au\u00dferdem weit \u00fcber Minden hinaus. Seit vielen Jahren&nbsp;ist sie beispielsweise zusammen mit anderen gesellschaftlichen Gruppen bei der Wir haben es satt-Demonstration in Berlin aktiv. Schlie\u00dflich hat man gleiche politische Ziele. Den Draht zu Slow Food h\u00e4lt sie seit 20 Jahren und arbeitet eng mit verschiedenen Slow Food Youth-Gruppen zusammen.<\/p>\n\n\n\n<p style=\"font-size:22px\">In einem weiteren N\u00e4hprojekt zwischen des Bundesprogrammes und dem Verein, konnten die Beziehungen untereinander weiter wachsen und einige Familien aus Bad Oeynhausen haben sich auf den Weg gemacht, den Gemeinschaftsgarten Tausendsch\u00f6n mit einem Besuch selbst zu erleben.<\/p>\n\n\n\n<p class=\"has-vivid-cyan-blue-color has-text-color has-link-color wp-elements-e68660322084b71339a1aa48bfb620a6\" style=\"font-size:22px\">Das Engagement und Herzblut dieses Vereins ist f\u00fcr mich eine einzigartige Erfahrung! Vielen Dank an so ein tolles Ehrenamt!! <br><strong>Deborah Kreimeier, Koordination- und Netzwerkstelle Bundesprogramm<\/strong> <\/p>\n\n\n\n<p>**********<\/p>\n\n\n\n<p class=\"has-large-font-size\"><strong>Quartiersmanager Rechte Weserseite<\/strong><\/p>\n\n\n\n<p style=\"font-size:22px\">\u201eDer Verein GreenFairPlanet e.V. leistet mit dem Gemeinschaftsgarten Tausendsch\u00f6n in Minden-Leteln einen wichtigen integrativen Beitrag f\u00fcr Gro\u00df und Klein. In w\u00f6chentlichen niedrigschwelligen und erlebnisp\u00e4dagogischen Angeboten werden Menschen aus anderen Kulturkreisen f\u00fcr die heimische Flora und Fauna begeistert und die regionale K\u00fcche erkl\u00e4rt. So l\u00e4sst sich die deutsche Sprache ganz praktisch und lebensweltnah zusammen mit Ehrenamtlichen aus der Region erlernen. F\u00fcr das Quartier Rechte Weserseite ist dies ein wichtiger Beitrag zur Erh\u00f6hung der interkulturellen Verst\u00e4ndigung.\u201c <strong>Erik Hasse<\/strong><\/p>\n\n\n\n<p>***************************************************************************************************************<\/p>\n\n\n\n<p style=\"font-size:22px\">Der Verein&nbsp;GreenFairPlanet ist mit seinem&nbsp;\u201eGarten Tausendsch\u00f6n\u201c ist eine vorbildliche Initiative zur Integration von gefl\u00fcchteten Menschen aus aller Welt. Hier treffen sich Nationen und Kulturen umd gemeinsam im Garten zu arbeiten und aus dem Garten geerntete Fr\u00fcchte zu verarbeiten. Dadurch lernen die gefl\u00fcchteten Menschen niederschwellig Deutsch und erhalten ganz nebenher ein wunderbares Netzwerk an Freundschaft, Unterst\u00fctzung und Empowerment. Der Ev. Kirchenkreis Minden sch\u00e4tzt die Arbeit dieses Vereines sehr und unterst\u00fctzt sie gerne im Rahmen unserer M\u00f6glichkeiten. <strong>Fl\u00fcchtlingsberatung Evangelischer Kirchkreis Minden<\/strong><\/p>\n\n\n\n<p>**************************************************************************************************************<\/p>\n\n\n\n<p style=\"font-size:22px\">Seit Jahren setzen sich Ehrenamtlichen im Gemeinschaftsgarten Tausendsch\u00f6n f\u00fcr die Erhaltung und St\u00e4rkung des regionalen Erbes und der Vielfalt ein. Ein St\u00fcck Heimat S\u00e4en, pflanzen, pflegen, weitergeben f\u00fcr die n\u00e4chsten Generationen. Saatgut ist Kulturgut. Gemeinsam mit Erwachsenen, Kinder und Jugendliche bewahren und vermehren sie die aus der Region gez\u00fcchteten alten Gem\u00fcse- und Obstsorten in Minden. Im Tausendsch\u00f6n wird geteilt: Saatgut, Pflanzen, Ernte, Wissen und Fertigkeiten f\u00fcr die n\u00e4chsten Generationen. <strong>Das teilen von Wissen ist f\u00fcr Minden die Erhaltung einer lebendigen Heimat.<\/strong><br>Dies gelingt insbesondere durch pers\u00f6nliche Begegnungen und Austausch, durch Teilhabe am Leben. Mit dem ehrenamtlichen Engagement st\u00e4rken sie die<strong> Gesellschaft durch das Gemeinsame: Unsere Heimat \u2013 Minden.<\/strong>  Gabriele Fuchs,  Naturp\u00e4dagogin<\/p>\n\n\n\n<p>***************************************************************************************************************<\/p>\n\n\n\n<p style=\"font-size:22px\"><\/p>\n\n\n\n<p><\/p>\n","protected":false},"excerpt":{"rendered":"<p>Ksenija Sakelek stellvertretenden Vorsitzende des Landesintegrationsrates NRW Im interkulturellen Gemeinschaftsgarten Tausendsch\u00f6n in Leteln f\u00e4llt b\u00fcrgerschaftliches Engagement auf fruchtbaren Boden. Auf der 1600 Quadratmeter gro\u00dfen Fl\u00e4che des Gartens stehen das interkulturelle Miteinander, die demokratische Selbstorganisation und die Wertsch\u00e4tzung guten Lebens im Mittelpunkt. Erweitert wird das Angebot durch Kunst und Kultur. Auch Migranten bringen sich ein. Sie [&hellip;]<\/p>\n","protected":false},"author":1,"featured_media":0,"parent":0,"menu_order":0,"comment_status":"closed","ping_status":"closed","template":"","meta":{"footnotes":""},"class_list":["post-5897","page","type-page","status-publish","hentry"],"_links":{"self":[{"href":"https:\/\/tausendschoen.greenfairplanet.net\/index.php?rest_route=\/wp\/v2\/pages\/5897","targetHints":{"allow":["GET"]}}],"collection":[{"href":"https:\/\/tausendschoen.greenfairplanet.net\/index.php?rest_route=\/wp\/v2\/pages"}],"about":[{"href":"https:\/\/tausendschoen.greenfairplanet.net\/index.php?rest_route=\/wp\/v2\/types\/page"}],"author":[{"embeddable":true,"href":"https:\/\/tausendschoen.greenfairplanet.net\/index.php?rest_route=\/wp\/v2\/users\/1"}],"replies":[{"embeddable":true,"href":"https:\/\/tausendschoen.greenfairplanet.net\/index.php?rest_route=%2Fwp%2Fv2%2Fcomments&post=5897"}],"version-history":[{"count":17,"href":"https:\/\/tausendschoen.greenfairplanet.net\/index.php?rest_route=\/wp\/v2\/pages\/5897\/revisions"}],"predecessor-version":[{"id":6059,"href":"https:\/\/tausendschoen.greenfairplanet.net\/index.php?rest_route=\/wp\/v2\/pages\/5897\/revisions\/6059"}],"wp:attachment":[{"href":"https:\/\/tausendschoen.greenfairplanet.net\/index.php?rest_route=%2Fwp%2Fv2%2Fmedia&parent=5897"}],"curies":[{"name":"wp","href":"https:\/\/api.w.org\/{rel}","templated":true}]}}