{"id":5804,"date":"2024-03-05T09:03:25","date_gmt":"2024-03-05T08:03:25","guid":{"rendered":"https:\/\/tausendschoen.greenfairplanet.net\/?page_id=5804"},"modified":"2026-02-19T22:03:11","modified_gmt":"2026-02-19T21:03:11","slug":"5804-2","status":"publish","type":"page","link":"https:\/\/tausendschoen.greenfairplanet.net\/?page_id=5804","title":{"rendered":"Impressum"},"content":{"rendered":"\n<h2 class=\"wp-block-heading\" id=\"dnn_ctr1099_ContentPane\">Dies sind die Internetseiten von GreenFairPlanet e.V.<\/h2>\n\n\n\n<h2 class=\"wp-block-heading\">Angaben gem\u00e4\u00df \u00a7 5 TMG:<\/h2>\n\n\n\n<p>GreenFairPlanet e.V.<br>Bl\u00fccherstr.1<br>32423 Minden<\/p>\n\n\n\n<h2 class=\"wp-block-heading\">Vertreten durch:<\/h2>\n\n\n\n<p>Lothar Schmelzer (Vorsitzender des Vorstandes)<br>Kontakt: Telefon: 05 71\/ 93 41 57 07<br>E-Mail: vorstand@greenfairplanet.net<\/p>\n\n\n\n<h2 class=\"wp-block-heading\">Registereintrag:<\/h2>\n\n\n\n<p>Eintragung im Vereinsregister.<br>Registergericht: AG Bad Oeynhausen<br>Registernummer: VR 41401<\/p>\n\n\n\n<h2 class=\"wp-block-heading\">Verantwortlich f\u00fcr den Inhalt nach \u00a7 55 Abs. 2 RStV:<\/h2>\n\n\n\n<p>Lothar Schmelzer<br>GreenFairPlanet e.V.<br>Bl\u00fccherstr.1<br>32423 Minden<\/p>\n\n\n\n<h2 class=\"wp-block-heading\">Streitschlichtung<\/h2>\n\n\n\n<p>Wir sind nicht bereit oder verpflichtet, an Streitbeilegungsverfahren vor einer Verbraucherschlichtungsstelle teilzunehmen.<\/p>\n\n\n\n<h3 class=\"wp-block-heading\">Haftungsausschluss<\/h3>\n\n\n\n<p><strong>Haftung f\u00fcr Inhalte<\/strong><br>Als Diensteanbieter sind wir gem\u00e4\u00df \u00a7 7 Abs.1 TMG f\u00fcr eigene Inhalte auf diesen Seiten nach den allgemeinen Gesetzen verantwortlich. Nach \u00a7\u00a7 8 bis 10 TMG sind wir als Diensteanbieter jedoch nicht verpflichtet, \u00fcbermittelte oder gespeicherte fremde Informationen zu \u00fcberwachen oder nach Umst\u00e4nden zu forschen, die auf eine rechtswidrige T\u00e4tigkeit hinweisen.<\/p>\n\n\n\n<p>Verpflichtungen zur Entfernung oder Sperrung der Nutzung von Informationen nach den allgemeinen Gesetzen bleiben hiervon unber\u00fchrt. Eine diesbez\u00fcgliche Haftung ist jedoch erst ab dem Zeitpunkt der Kenntnis einer konkreten Rechtsverletzung m\u00f6glich. Bei Bekanntwerden von entsprechenden Rechtsverletzungen werden wir diese Inhalte umgehend entfernen.<\/p>\n\n\n\n<p><strong>Haftung f\u00fcr Links<\/strong><br>Unser Angebot enth\u00e4lt Links zu externen Websites Dritter, auf deren Inhalte wir keinen Einfluss haben. Deshalb k\u00f6nnen wir f\u00fcr diese fremden Inhalte auch keine Gew\u00e4hr \u00fcbernehmen. F\u00fcr die Inhalte der verlinkten Seiten ist stets der jeweilige Anbieter oder Betreiber der Seiten verantwortlich. Die verlinkten Seiten wurden zum Zeitpunkt der Verlinkung auf m\u00f6gliche Rechtsverst\u00f6\u00dfe \u00fcberpr\u00fcft. Rechtswidrige Inhalte waren zum Zeitpunkt der Verlinkung nicht erkennbar.<\/p>\n\n\n\n<p>Eine permanente inhaltliche Kontrolle der verlinkten Seiten ist jedoch ohne konkrete Anhaltspunkte einer Rechtsverletzung nicht zumutbar. Bei Bekanntwerden von Rechtsverletzungen werden wir derartige Links umgehend entfernen.<\/p>\n\n\n\n<p><strong>Urheberrecht<\/strong><br>Die durch die Seitenbetreiber erstellten Inhalte und Werke auf diesen Seiten unterliegen dem deutschen Urheberrecht. Die Vervielf\u00e4ltigung, Bearbeitung, Verbreitung und jede Art der Verwertung au\u00dferhalb der Grenzen des Urheberrechtes bed\u00fcrfen der schriftlichen Zustimmung des jeweiligen Autors bzw. Erstellers. Downloads und Kopien dieser Seite sind nur f\u00fcr den privaten, nicht kommerziellen Gebrauch gestattet.<\/p>\n\n\n\n<p>Soweit die Inhalte auf dieser Seite nicht vom Betreiber erstellt wurden, werden die Urheberrechte Dritter beachtet. Insbesondere werden Inhalte Dritter als solche gekennzeichnet. Sollten Sie trotzdem auf eine Urheberrechtsverletzung aufmerksam werden, bitten wir um einen entsprechenden Hinweis. Bei Bekanntwerden von Rechtsverletzungen werden wir derartige Inhalte umgehend entfernen.<\/p>\n\n\n\n<p><strong>Weitere Informationen<\/strong><br><a href=\"https:\/\/www.dksb-minden.de\/datenschutzerklaerung\/\">Erkl\u00e4rung zum Datenschutz anzeigen<\/a><\/p>\n\n\n\n<p><strong>GreenFairPlanet e.V. ist &nbsp;vom Finanzamt als gemeinn\u00fctzig anerkannt<\/strong><\/p>\n\n\n\n<p><strong>Bitte keine Abmahnung ohne vorherigen Kontakt!<\/strong><\/p>\n\n\n\n<p>Vor Inanspruchnahme jeglicher Art wegen unverlangter Mailzusendung\/Werbung sowie Verst\u00f6\u00dfen gegen das Telemediengesetz oder das Gesetz gegen den unlauteren Wettbewerb bitten wir, zur Vermeidung von unn\u00f6tigen Rechtsstreitigkeiten, Abmahnungen und den daraus entstehenden Kosten, uns zu kontaktieren.<br>Wir sagen hiermit bereits Abhilfe zu, so dass eine Wiederholungsgefahr ausgeschlossen ist. Dennoch ergehende Kostennoten anwaltlicher Abmahnungen ohne vorherige Kontaktaufnahme, w\u00fcrden wir wegen Nichtbeachtung der Schadenminderungspflicht zur\u00fcckweisen.<\/p>\n\n\n\n<p><strong>Nutzungsbedingungen<\/strong><\/p>\n\n\n\n<p>Haftung f\u00fcr Verweise und Links<br>Es wird darauf hingewiesen, dass Links von den Seiten des GreenFairplanet Auftritts zu externen Anbietern f\u00fchren, sobald der Rahmen von Greenfairplanet.net verlassen wird und sich ein neues Browserfenster \u00f6ffnet oder die Seiten gesondert gekennzeichnet sind. F\u00fcr die Richtigkeit des Inhalts der externen Seiten \u00fcbernimmt GreenFairPlanet.net&nbsp; keine Verantwortung, vielmehr unterliegen sie der Haftung der jeweiligen Anbieter. Dies gilt auch f\u00fcr die Rechtm\u00e4\u00dfigkeit&nbsp; oder die Erf\u00fcllung von Urheberrechtsbestimmungen der verlinkten Seiten sowie f\u00fcr deren Aktualit\u00e4t. Durch eine Verlinkung auf externe Seiten macht sich GreenFairPlanet diese nicht zu Eigen. Vielmehr dienen die Links und Inhalte dem Informationsaustausch und begr\u00fcnden keine gesch\u00e4ftlichen Beziehungen irgendeiner Art. GreenFairPlanet distanziert sich ausdr\u00fccklich von eventuell rechtswidrigen Inhalten der verlinkten Seiten. Der Inhalt der Seiten wird nur zum Zeitpunkt der Aufnahme gepr\u00fcft<\/p>\n\n\n\n<p><strong>Haftungsausschluss<\/strong><br>Der Inhalt der Webseiten&nbsp; von GreenFairPlanet.net&nbsp; wurden sorgf\u00e4ltig gepr\u00fcft und bearbeitet, erhebt jedoch keinen Anspruch auf Vollst\u00e4ndigkeit. Der Webmaster \u00fcbernimmt keinerlei Gew\u00e4hr f\u00fcr Aktualit\u00e4t, Korrektheit, Vollst\u00e4ndigkeit oder Qualit\u00e4t der bereitgestellten Informationen. Au\u00dferdem beh\u00e4lt sich der Webmaster ausdr\u00fccklich vor, Teile der Seiten oder das gesamte Angebot ohne gesonderte Ank\u00fcndigung zu ver\u00e4ndern, zu erg\u00e4nzen, zu l\u00f6schen oder die Ver\u00f6ffentlichung einzustellen.<\/p>\n\n\n\n<p><strong>Urheberrechtshinweise<\/strong><br>Die Webseiten und deren Inhalte unterliegen dem deutschen Leistungsschutz- und Urheberrecht. Jede vom Urheberrecht nicht zugelassene Verwertung bedarf vorheriger schriftlicher Zustimmung der Anbieter. Fotokopien oder Downloads von Web-Seiten d\u00fcrfen nur f\u00fcr den pers\u00f6nlichen, privaten und nicht-kommerziellen Gebrauch hergestellt werden.<\/p>\n\n\n\n<p><strong>Datenschutzerkl\u00e4rung<\/strong><\/p>\n\n\n\n<p>Wir freuen uns \u00fcber Ihr Interesse GreenFairPlanet&nbsp; und an unserer Homepage! Der Schutz Ihrer personenbezogenen Daten bei der Erhebung, Verarbeitung und Nutzung anl\u00e4sslich Ihres Besuchs auf unserer Homepage ist uns ein wichtiges Anliegen. Ihre Daten werden im Rahmen der gesetzlichen Vorschriften gesch\u00fctzt. Nachfolgend finden Sie Informationen, welche Daten w\u00e4hrend Ihres Besuchs auf der Homepage erfasst und wie diese genutzt werden:1. Erhebung und Verarbeitung von Daten.<\/p>\n\n\n\n<p><strong>Technische Realisierung<\/strong><\/p>\n\n\n\n<p>goneo Internet GmbH<br>Marienwall 27, 32423 Minden<br>Servicetelefon: 01805 \/ 911522 (*)<br>Telefax: 0571 \/ 783 44 99Internet:&nbsp;<a href=\"http:\/\/www.goneo.de\/\" target=\"_blank\" rel=\"noreferrer noopener\">http:\/\/www.goneo.de<\/a><br>E-Mail:&nbsp;<a href=\"mailto:info@goneo.de\">info@goneo.de<\/a><br>Twitter:&nbsp;<a href=\"http:\/\/www.twitter.com\/goneo\" target=\"_blank\" rel=\"noreferrer noopener\">http:\/\/www.twitter.com\/goneo<\/a><br>Facebook:&nbsp;<a href=\"http:\/\/www.facebook.com\/goneo\" target=\"_blank\" rel=\"noreferrer noopener\">http:\/\/www.facebook.com\/goneo<\/a><\/p>\n\n\n\n<p>Fotonachweis:&nbsp;Bei s\u00e4mtlichen Fotos findet sich mindestens im Mouseovertext der Name der Fotografin \/ des Fotografen und ggf. die Datenbank, von der das Bild stammt.<\/p>\n","protected":false},"excerpt":{"rendered":"<p>Dies sind die Internetseiten von GreenFairPlanet e.V. Angaben gem\u00e4\u00df \u00a7 5 TMG: GreenFairPlanet e.V.Bl\u00fccherstr.132423 Minden Vertreten durch: Lothar Schmelzer (Vorsitzender des Vorstandes)Kontakt: Telefon: 05 71\/ 93 41 57 07E-Mail: vorstand@greenfairplanet.net Registereintrag: Eintragung im Vereinsregister.Registergericht: AG Bad OeynhausenRegisternummer: VR 41401 Verantwortlich f\u00fcr den Inhalt nach \u00a7 55 Abs. 2 RStV: Lothar SchmelzerGreenFairPlanet e.V.Bl\u00fccherstr.132423 Minden Streitschlichtung Wir [&hellip;]<\/p>\n","protected":false},"author":1,"featured_media":0,"parent":0,"menu_order":0,"comment_status":"closed","ping_status":"closed","template":"","meta":{"footnotes":""},"class_list":["post-5804","page","type-page","status-publish","hentry"],"_links":{"self":[{"href":"https:\/\/tausendschoen.greenfairplanet.net\/index.php?rest_route=\/wp\/v2\/pages\/5804","targetHints":{"allow":["GET"]}}],"collection":[{"href":"https:\/\/tausendschoen.greenfairplanet.net\/index.php?rest_route=\/wp\/v2\/pages"}],"about":[{"href":"https:\/\/tausendschoen.greenfairplanet.net\/index.php?rest_route=\/wp\/v2\/types\/page"}],"author":[{"embeddable":true,"href":"https:\/\/tausendschoen.greenfairplanet.net\/index.php?rest_route=\/wp\/v2\/users\/1"}],"replies":[{"embeddable":true,"href":"https:\/\/tausendschoen.greenfairplanet.net\/index.php?rest_route=%2Fwp%2Fv2%2Fcomments&post=5804"}],"version-history":[{"count":3,"href":"https:\/\/tausendschoen.greenfairplanet.net\/index.php?rest_route=\/wp\/v2\/pages\/5804\/revisions"}],"predecessor-version":[{"id":6132,"href":"https:\/\/tausendschoen.greenfairplanet.net\/index.php?rest_route=\/wp\/v2\/pages\/5804\/revisions\/6132"}],"wp:attachment":[{"href":"https:\/\/tausendschoen.greenfairplanet.net\/index.php?rest_route=%2Fwp%2Fv2%2Fmedia&parent=5804"}],"curies":[{"name":"wp","href":"https:\/\/api.w.org\/{rel}","templated":true}]}}